{"id":8,"date":"2022-10-27T10:18:44","date_gmt":"2022-10-27T08:18:44","guid":{"rendered":"http:\/\/qgocwwd.cluster029.hosting.ovh.net\/?page_id=8"},"modified":"2022-11-12T17:17:58","modified_gmt":"2022-11-12T16:17:58","slug":"contact","status":"publish","type":"page","link":"https:\/\/sonjmat.fr\/index.php\/contact\/","title":{"rendered":"Contact"},"content":{"rendered":"\n<div class=\"wp-block-columns is-layout-flex wp-container-core-columns-is-layout-9d6595d7 wp-block-columns-is-layout-flex\">\n<div class=\"wp-block-column is-layout-flow wp-block-column-is-layout-flow\" style=\"flex-basis:66.66%\">\n<div role=\"form\" class=\"wpcf7\" id=\"wpcf7-f133-o1\" lang=\"fr-FR\" dir=\"ltr\">\n<div class=\"screen-reader-response\"><p role=\"status\" aria-live=\"polite\" aria-atomic=\"true\"><\/p> <ul><\/ul><\/div>\n<form action=\"\/index.php\/wp-json\/wp\/v2\/pages\/8#wpcf7-f133-o1\" method=\"post\" class=\"wpcf7-form init\" novalidate=\"novalidate\" data-status=\"init\">\n<div style=\"display: none;\">\n<input type=\"hidden\" name=\"_wpcf7\" value=\"133\" \/>\n<input type=\"hidden\" name=\"_wpcf7_version\" value=\"5.6.4\" \/>\n<input type=\"hidden\" name=\"_wpcf7_locale\" value=\"fr_FR\" \/>\n<input type=\"hidden\" name=\"_wpcf7_unit_tag\" value=\"wpcf7-f133-o1\" \/>\n<input type=\"hidden\" name=\"_wpcf7_container_post\" value=\"0\" \/>\n<input type=\"hidden\" name=\"_wpcf7_posted_data_hash\" value=\"\" \/>\n<\/div>\n<p><label><span style=\"color:#8a4248;\"> Votre nom<\/span><br \/>\n    <span class=\"wpcf7-form-control-wrap\" data-name=\"your-name\"><input type=\"text\" name=\"your-name\" value=\"\" size=\"40\" class=\"wpcf7-form-control wpcf7-text wpcf7-validates-as-required\" aria-required=\"true\" aria-invalid=\"false\" \/><\/span> <\/label><\/p>\n<p><label><span style=\"color:#8a4248;\"> Votre e-mail<\/span><br \/>\n    <span class=\"wpcf7-form-control-wrap\" data-name=\"your-email\"><input type=\"email\" name=\"your-email\" value=\"\" size=\"40\" class=\"wpcf7-form-control wpcf7-text wpcf7-email wpcf7-validates-as-required wpcf7-validates-as-email\" aria-required=\"true\" aria-invalid=\"false\" \/><\/span> <\/label><\/p>\n<p><label><span style=\"color:#8a4248;\"> Nombre de personnes<\/span><br \/>\n    <span class=\"wpcf7-form-control-wrap\" data-name=\"number-personne\"><input type=\"number\" name=\"number-personne\" value=\"\" class=\"wpcf7-form-control wpcf7-number wpcf7-validates-as-required wpcf7-validates-as-number\" min=\"1\" max=\"10\" aria-required=\"true\" aria-invalid=\"false\" \/><\/span> <\/label><\/p>\n<p><label><span style=\"color:#8a4248;\">Votre s\u00e9jour<\/span><\/label><br \/>\n<label>Arriv\u00e9e : <span class=\"wpcf7-form-control-wrap\" data-name=\"date-arrival\"><input type=\"date\" name=\"date-arrival\" value=\"\" class=\"wpcf7-form-control wpcf7-date wpcf7-validates-as-date\" aria-invalid=\"false\" \/><\/span> <\/label>  <label>  D\u00e9part : <span class=\"wpcf7-form-control-wrap\" data-name=\"date-departure\"><input type=\"date\" name=\"date-departure\" value=\"\" class=\"wpcf7-form-control wpcf7-date wpcf7-validates-as-date\" aria-invalid=\"false\" \/><\/span> <\/label><\/p>\n<p><label><span style=\"color:#8a4248;\"> Votre message<\/span><br \/>\n    <span class=\"wpcf7-form-control-wrap\" data-name=\"your-message\"><textarea name=\"your-message\" cols=\"40\" rows=\"10\" class=\"wpcf7-form-control wpcf7-textarea wpcf7-validates-as-required\" aria-required=\"true\" aria-invalid=\"false\"><\/textarea><\/span> <\/label><\/p>\n<p><input type=\"submit\" value=\"Envoyer\" class=\"wpcf7-form-control has-spinner wpcf7-submit\" \/><\/p>\n<div class=\"wpcf7-response-output\" aria-hidden=\"true\"><\/div><\/form><\/div>\n\n\n\n<p class=\"has-text-align-right\"><span style=\"color:#8a4248;\"><strong>Donn\u00e9es personnelles :<\/strong><\/span><br>Nous vous informons que les donn\u00e9es personnelles communiqu\u00e9es<br> ne sont utilis\u00e9es qu&rsquo;aux seules fins de vous contacter et ne sont pas stock\u00e9es.<\/p>\n<\/div>\n\n\n\n<div class=\"wp-block-column is-layout-flow wp-block-column-is-layout-flow\" style=\"flex-basis:33.33%\"><div class=\"wp-block-image\">\n<figure class=\"alignleft size-full\"><img loading=\"lazy\" decoding=\"async\" width=\"768\" height=\"1024\" src=\"https:\/\/sonjmat.fr\/wp-content\/uploads\/2022\/10\/sonj-mat-17.jpg\" alt=\"\" class=\"wp-image-137\" srcset=\"https:\/\/sonjmat.fr\/wp-content\/uploads\/2022\/10\/sonj-mat-17.jpg 768w, https:\/\/sonjmat.fr\/wp-content\/uploads\/2022\/10\/sonj-mat-17-225x300.jpg 225w\" sizes=\"auto, (max-width: 768px) 100vw, 768px\" \/><\/figure>\n<\/div>\n\n<div class=\"wp-block-image\">\n<figure class=\"alignleft size-large\"><img loading=\"lazy\" decoding=\"async\" width=\"768\" height=\"1024\" src=\"https:\/\/sonjmat.fr\/wp-content\/uploads\/2022\/10\/sonj-mat-22.jpg\" alt=\"\" class=\"wp-image-156\" srcset=\"https:\/\/sonjmat.fr\/wp-content\/uploads\/2022\/10\/sonj-mat-22.jpg 768w, https:\/\/sonjmat.fr\/wp-content\/uploads\/2022\/10\/sonj-mat-22-225x300.jpg 225w\" sizes=\"auto, (max-width: 768px) 100vw, 768px\" \/><\/figure>\n<\/div><\/div>\n<\/div>\n","protected":false},"excerpt":{"rendered":"<p>Donn\u00e9es personnelles :Nous vous informons que les donn\u00e9es personnelles communiqu\u00e9es ne sont utilis\u00e9es qu&rsquo;aux seules fins de vous contacter et ne sont pas stock\u00e9es.<\/p>\n","protected":false},"author":1,"featured_media":0,"parent":0,"menu_order":0,"comment_status":"closed","ping_status":"closed","template":"","meta":{"footnotes":""},"class_list":["post-8","page","type-page","status-publish","hentry"],"_links":{"self":[{"href":"https:\/\/sonjmat.fr\/index.php\/wp-json\/wp\/v2\/pages\/8","targetHints":{"allow":["GET"]}}],"collection":[{"href":"https:\/\/sonjmat.fr\/index.php\/wp-json\/wp\/v2\/pages"}],"about":[{"href":"https:\/\/sonjmat.fr\/index.php\/wp-json\/wp\/v2\/types\/page"}],"author":[{"embeddable":true,"href":"https:\/\/sonjmat.fr\/index.php\/wp-json\/wp\/v2\/users\/1"}],"replies":[{"embeddable":true,"href":"https:\/\/sonjmat.fr\/index.php\/wp-json\/wp\/v2\/comments?post=8"}],"version-history":[{"count":5,"href":"https:\/\/sonjmat.fr\/index.php\/wp-json\/wp\/v2\/pages\/8\/revisions"}],"predecessor-version":[{"id":740,"href":"https:\/\/sonjmat.fr\/index.php\/wp-json\/wp\/v2\/pages\/8\/revisions\/740"}],"wp:attachment":[{"href":"https:\/\/sonjmat.fr\/index.php\/wp-json\/wp\/v2\/media?parent=8"}],"curies":[{"name":"wp","href":"https:\/\/api.w.org\/{rel}","templated":true}]}}