{"id":6,"date":"2022-10-27T10:18:44","date_gmt":"2022-10-27T08:18:44","guid":{"rendered":"http:\/\/qgocwwd.cluster029.hosting.ovh.net\/?page_id=6"},"modified":"2023-07-28T14:42:41","modified_gmt":"2023-07-28T12:42:41","slug":"beaux-portfolios-pour-des-creatifs-exceptionnels","status":"publish","type":"page","link":"https:\/\/sonjmat.fr\/","title":{"rendered":"Pour vos vacances en famille ou entre amis, So\u00f1j mat vous accueille toute l&rsquo;ann\u00e9e"},"content":{"rendered":"<p>Situ\u00e9 dans le sud du Morbihan, \u00e0 Muzillac, \u00e0 deux pas des commerces, des restaurants et du march\u00e9 hebdomadaire, notre g\u00eete est une ancienne maison familiale enti\u00e8rement r\u00e9nov\u00e9e, offrant un confort de haut niveau pour accueillir 8 \u00e0 10 personnes. Une fois sur place, le plus difficile sera peut-\u00eatre de choisir entre la piscine (chauff\u00e9e de mai \u00e0 septembre) dans le jardin clos de murs et la plage \u00e0 moins de 5 minutes en voiture. Que ce soit \u00e0 pied, en voiture ou \u00e0 v\u00e9lo (une piste cyclable se trouve \u00e0 50m du g\u00eete), vous trouverez dans un rayon d&rsquo;une trentaine de kilom\u00e8tres une large gamme de destinations et d&rsquo;activit\u00e9s pour tous :<br>&#8211; C\u00f4t\u00e9 mer avec Damgan, la Presqu\u2019\u00eele de Rhuys, le Golfe du Morbihan&#8230;<br>&#8211; C\u00f4t\u00e9 terre avec le parc de Branf\u00e9r\u00e9, Rochefort en Terre, la Gacilly&#8230;<br>&#8211; C\u00f4t\u00e9 ville avec Vannes, Gu\u00e9rande&#8230;<\/p>\n\n\n<p><\/p>\n\n\n\n<p><\/p>\n\n\n\n<p><\/p>\n\n\n\n<div style=\"height:55px\" aria-hidden=\"true\" class=\"wp-block-spacer\"><\/div>\n\n\n\n<div class=\"wp-block-group alignfull has-background\" id=\"description\" style=\"background-color:#e5e9ec\"><div class=\"wp-block-group__inner-container is-layout-flow wp-block-group-is-layout-flow\">\n<div class=\"wp-block-columns is-layout-flex wp-container-core-columns-is-layout-9d6595d7 wp-block-columns-is-layout-flex\">\n<div class=\"wp-block-column is-vertically-aligned-center is-layout-flow wp-block-column-is-layout-flow\">\n<h2 class=\"wp-block-heading\">A propos de So\u00f1j mat<\/h2>\n\n\n\n<p>Au rez-de-chauss\u00e9e, une belle entr\u00e9e lumineuse avec une biblioth\u00e8que bilingue anglais-fran\u00e7ais donne acc\u00e8s au salon-s\u00e9jour ouvert sur la cuisine. Cette derni\u00e8re est toute \u00e9quip\u00e9e et donne sur le jardin et la terrasse. Toujours au rez-de-chauss\u00e9e, vous trouverez \u00e9galement une grande chambre pour deux personnes avec un lit de 160&#215;200 ainsi qu\u2019une salle d\u2019eau, un WC et une buanderie avec lave-linge et s\u00e8che-linge. <\/p>\n\n\n\n<p>Le premier \u00e9tage offre deux chambres spacieuses, desservies par une salle d\u2019eau et un WC ; chaque chambre pouvant accueillir deux personnes avec un lit de 180&#215;200 pour l\u2019une et un de 160&#215;200 pour l\u2019autre. <\/p>\n\n\n\n<p>Au second \u00e9tage se trouve une vaste chambre avec trois lits de 90&#215;190 (plus un couchage d\u2019appoint possible) et une grande salle de bains avec WC. Barri\u00e8res de s\u00e9curit\u00e9 dans les escaliers, chaise haute et lit enfant sont \u00e9galement disponibles selon les besoins. Le g\u00eete est \u00e9galement \u00e9quip\u00e9 d&rsquo;une connexion wifi et d&rsquo;un t\u00e9l\u00e9viseur connect\u00e9.<\/p>\n\n\n\n<p>Que ce soit sur un transat au bord de la piscine l\u2019\u00e9t\u00e9, ou bien dans le salon, au coin du feu l\u2019hiver avec une tasse de th\u00e9, un livre ou un jeu de soci\u00e9t\u00e9, nous avons tout mis en oeuvre pour que petits et grands passent un agr\u00e9able s\u00e9jour \u00e0 So\u00f1j mat.<\/p>\n\n\n\n<p class=\"has-text-align-right\"><em><a style=\"color:#8a4248;\" href=\"https:\/\/sonjmat.fr\/index.php\/equ=ipements\/\">D\u00e9tail des \u00e9quipements<\/a><\/em><\/p>\n\n\n\n<h2 class=\"wp-block-heading\"> <\/h2>\n\n\n\n<div class=\"wp-block-buttons is-horizontal is-content-justification-left is-layout-flex wp-container-core-buttons-is-layout-7e5fce0a wp-block-buttons-is-layout-flex\"><\/div>\n\n\n\n<p><\/p>\n<\/div>\n\n\n\n<div class=\"wp-block-column is-layout-flow wp-block-column-is-layout-flow\">\n<div style=\"height:48px\" aria-hidden=\"true\" class=\"wp-block-spacer\"><\/div>\n\n\n\n<figure class=\"wp-block-image size-full\"><img loading=\"lazy\" decoding=\"async\" width=\"935\" height=\"580\" src=\"https:\/\/sonjmat.fr\/wp-content\/uploads\/2023\/07\/sonj-mat-32-.jpg\" alt=\"\" class=\"wp-image-565\" srcset=\"https:\/\/sonjmat.fr\/wp-content\/uploads\/2023\/07\/sonj-mat-32-.jpg 935w, https:\/\/sonjmat.fr\/wp-content\/uploads\/2023\/07\/sonj-mat-32--300x186.jpg 300w, https:\/\/sonjmat.fr\/wp-content\/uploads\/2023\/07\/sonj-mat-32--768x476.jpg 768w\" sizes=\"auto, (max-width: 935px) 100vw, 935px\" \/><\/figure>\n\n\n\n<figure class=\"wp-block-image size-full\"><img loading=\"lazy\" decoding=\"async\" width=\"935\" height=\"581\" src=\"https:\/\/sonjmat.fr\/wp-content\/uploads\/2023\/07\/sonj-mat-64.jpg\" alt=\"\" class=\"wp-image-564\" srcset=\"https:\/\/sonjmat.fr\/wp-content\/uploads\/2023\/07\/sonj-mat-64.jpg 935w, https:\/\/sonjmat.fr\/wp-content\/uploads\/2023\/07\/sonj-mat-64-300x186.jpg 300w, https:\/\/sonjmat.fr\/wp-content\/uploads\/2023\/07\/sonj-mat-64-768x477.jpg 768w\" sizes=\"auto, (max-width: 935px) 100vw, 935px\" \/><\/figure>\n<\/div>\n<\/div>\n<\/div><\/div>\n\n\n\n<div class=\"wp-block-group alignfull\" id=\"region\"><div class=\"wp-block-group__inner-container is-layout-flow wp-block-group-is-layout-flow\">\n<div class=\"wp-block-columns alignwide are-vertically-aligned-center is-layout-flex wp-container-core-columns-is-layout-9d6595d7 wp-block-columns-is-layout-flex\">\n<div class=\"wp-block-column is-vertically-aligned-center is-layout-flow wp-block-column-is-layout-flow\">\n<div style=\"height:48px\" aria-hidden=\"true\" class=\"wp-block-spacer\"><\/div>\n\n\n\n<div class=\"wp-block-group\"><div class=\"wp-block-group__inner-container is-layout-flow wp-block-group-is-layout-flow\">\n<figure class=\"wp-block-gallery has-nested-images columns-default is-cropped wp-block-gallery-2 is-layout-flex wp-block-gallery-is-layout-flex\">\n<figure class=\"wp-block-image size-full\"><img loading=\"lazy\" decoding=\"async\" width=\"748\" height=\"804\" data-id=\"447\" src=\"https:\/\/sonjmat.fr\/wp-content\/uploads\/2023\/02\/sonj-mat-45.jpg\" alt=\"\" class=\"wp-image-447\" title=\"P\u00e9nestin, plage de la mine d'or - Cr\u00e9dit photo : @paparaz49\" srcset=\"https:\/\/sonjmat.fr\/wp-content\/uploads\/2023\/02\/sonj-mat-45.jpg 748w, https:\/\/sonjmat.fr\/wp-content\/uploads\/2023\/02\/sonj-mat-45-279x300.jpg 279w\" sizes=\"auto, (max-width: 748px) 100vw, 748px\" \/><\/figure>\n\n\n\n<figure class=\"wp-block-image size-full\"><img loading=\"lazy\" decoding=\"async\" width=\"748\" height=\"804\" data-id=\"232\" src=\"https:\/\/sonjmat.fr\/wp-content\/uploads\/2022\/10\/sonj-mat-37.jpg\" alt=\"\" class=\"wp-image-232\" title=\"Branf\u00e9r\u00e9, parc animalier et botanique \" srcset=\"https:\/\/sonjmat.fr\/wp-content\/uploads\/2022\/10\/sonj-mat-37.jpg 748w, https:\/\/sonjmat.fr\/wp-content\/uploads\/2022\/10\/sonj-mat-37-279x300.jpg 279w\" sizes=\"auto, (max-width: 748px) 100vw, 748px\" \/><\/figure>\n\n\n\n<figure class=\"wp-block-image size-full\"><img loading=\"lazy\" decoding=\"async\" width=\"748\" height=\"804\" data-id=\"450\" src=\"https:\/\/sonjmat.fr\/wp-content\/uploads\/2023\/02\/sonj-mat-48.jpg\" alt=\"\" class=\"wp-image-450\" title=\"Vannes, jardin des remparts - Cr\u00e9dit photo : @paparaz49\" srcset=\"https:\/\/sonjmat.fr\/wp-content\/uploads\/2023\/02\/sonj-mat-48.jpg 748w, https:\/\/sonjmat.fr\/wp-content\/uploads\/2023\/02\/sonj-mat-48-279x300.jpg 279w\" sizes=\"auto, (max-width: 748px) 100vw, 748px\" \/><\/figure>\n\n\n\n<figure class=\"wp-block-image size-full\"><img loading=\"lazy\" decoding=\"async\" width=\"748\" height=\"804\" data-id=\"229\" src=\"https:\/\/sonjmat.fr\/wp-content\/uploads\/2022\/10\/sonj-mat-34.jpg\" alt=\"\" class=\"wp-image-229\" title=\"Marais salants de Gu\u00e9rande - Cr\u00e9dit photo : @paparaz49\" srcset=\"https:\/\/sonjmat.fr\/wp-content\/uploads\/2022\/10\/sonj-mat-34.jpg 748w, https:\/\/sonjmat.fr\/wp-content\/uploads\/2022\/10\/sonj-mat-34-279x300.jpg 279w\" sizes=\"auto, (max-width: 748px) 100vw, 748px\" \/><\/figure>\n\n\n\n<figure class=\"wp-block-image size-full\"><img loading=\"lazy\" decoding=\"async\" width=\"748\" height=\"804\" data-id=\"448\" src=\"https:\/\/sonjmat.fr\/wp-content\/uploads\/2023\/02\/sonj-mat-46.jpg\" alt=\"\" class=\"wp-image-448\" title=\"Gacilly  - Cr\u00e9dit photo : @paparaz49\" srcset=\"https:\/\/sonjmat.fr\/wp-content\/uploads\/2023\/02\/sonj-mat-46.jpg 748w, https:\/\/sonjmat.fr\/wp-content\/uploads\/2023\/02\/sonj-mat-46-279x300.jpg 279w\" sizes=\"auto, (max-width: 748px) 100vw, 748px\" \/><\/figure>\n\n\n\n<figure class=\"wp-block-image size-full\"><img loading=\"lazy\" decoding=\"async\" width=\"748\" height=\"804\" data-id=\"251\" src=\"https:\/\/sonjmat.fr\/wp-content\/uploads\/2022\/10\/sonj-mat-38.jpg\" alt=\"\" class=\"wp-image-251\" title=\"Parc de la Bri\u00e8re\" srcset=\"https:\/\/sonjmat.fr\/wp-content\/uploads\/2022\/10\/sonj-mat-38.jpg 748w, https:\/\/sonjmat.fr\/wp-content\/uploads\/2022\/10\/sonj-mat-38-279x300.jpg 279w\" sizes=\"auto, (max-width: 748px) 100vw, 748px\" \/><\/figure>\n<\/figure>\n<\/div><\/div>\n<\/div>\n\n\n\n<div class=\"wp-block-column is-vertically-aligned-center is-layout-flow wp-block-column-is-layout-flow\">\n<h2 class=\"wp-block-heading\">Loisirs et Sorties<\/h2>\n\n\n\n<p style=\"text-align:justify;\">Situ\u00e9s tout pr\u00e8s du g\u00eete, vous trouverez un cin\u00e9ma, une m\u00e9diath\u00e8que ainsi que plusieurs bars et restaurants.\n<\/p>\n<p style=\"text-align:justify;\">A proximit\u00e9, vous avez la possibilit\u00e9 de vous adonner \u00e0 vos sports favoris&nbsp;: voile, \u00e9quitation, tennis, randonn\u00e9es p\u00e9destres, v\u00e9lo pour n\u2019en citer que quelques-uns.\n<\/p>\n<p style=\"text-align:justify;\">La r\u00e9gion poss\u00e8de un riche patrimoine culturel. Expositions, animations, rencontres se succ\u00e8dent au fil des saisons. Chaque \u00e9t\u00e9, le pays de Muzillac propose une large gamme de concerts et de spectacles. Les traditionnels fest-noz viennent \u00e9galement rythmer la saison estivale.\n<\/p>\n\n<p style=\"text-align:right;\"><a title=\"en cours de r\u00e9daction...\" href=\"https:\/\/sonjmat.fr\/index.php\/a-propos-de-la-region\/\" style=\"text-align:right; color: #8a4248;\"><i>D\u00e9tails<\/i><\/a><\/p>\n\n\n\n<p><\/p>\n\n\n\n<div class=\"wp-block-buttons is-layout-flex wp-block-buttons-is-layout-flex\"><\/div>\n<\/div>\n<\/div>\n<\/div><\/div>\n\n\n\n<div class=\"wp-block-group alignfull has-background\" id=\"loisirs\" style=\"background-color:#e5e9ec\"><div class=\"wp-block-group__inner-container is-layout-flow wp-block-group-is-layout-flow\">\n<div class=\"wp-block-columns are-vertically-aligned-center is-layout-flex wp-container-core-columns-is-layout-9d6595d7 wp-block-columns-is-layout-flex\">\n<div class=\"wp-block-column is-vertically-aligned-center is-layout-flow wp-block-column-is-layout-flow\">\n<h2 class=\"wp-block-heading\">Infos pratiques<\/h2>\n\n\n\n<p style=\"text-align:justify;\">A quelques pas du g\u00eete, vous trouverez l\u2019essentiel pour vos courses&nbsp;: boulangeries, poissonnerie, boucherie-charcuterie \/ traiteur, cr\u00e8merie&nbsp;\/fromagerie \/ fruits et l\u00e9gumes, th\u00e9, caf\u00e9, fleuristes, poste, bar-tabac, banques, salons de coiffure, esth\u00e9ticienne, supermarch\u00e9 &#8230;\n<\/br>Le march\u00e9 a lieu toute l\u2019ann\u00e9e le vendredi matin dans le centre-ville.<\/p>\n<p style=\"text-align:justify;\">Toujours \u00e0 Muzillac, vous trouverez \u00e9galement un magasin bio, des biscuiteries bretonnes, des cavistes, supermarch\u00e9s et stations essence. \n<\/p>\n<p style=\"text-align:justify;\">A environ 2 kilom\u00e8tres du g\u00eete, l\u2019Espace Littoral Ambon vous propose toute une gamme de magasins (jouets, sport, bricolage, ameublement, v\u00eatements, etc.)\n<\/p>\n\n\n\n<p><\/p>\n\n\n\n<div class=\"wp-block-buttons is-horizontal is-content-justification-left is-layout-flex wp-container-core-buttons-is-layout-7e5fce0a wp-block-buttons-is-layout-flex\"><\/div>\n<\/div>\n<\/div>\n<\/div><\/div>\n\n\n\n<p><\/p>\n\n\n\n<div class=\"wp-block-group alignfull has-black-background-color has-background\" id=\"galerie\"><div class=\"wp-block-group__inner-container is-layout-flow wp-block-group-is-layout-flow\">\n<h2 class=\"wp-block-heading has-text-align-center has-white-color has-text-color\"><strong>Galer<\/strong>ie photos<\/h2>\n\n\n\n<figure class=\"wp-block-gallery aligncenter has-nested-images columns-default is-cropped wp-block-gallery-4 is-layout-flex wp-block-gallery-is-layout-flex\">\n<figure class=\"wp-block-image size-full\"><img loading=\"lazy\" decoding=\"async\" width=\"1024\" height=\"768\" data-id=\"99\" src=\"https:\/\/sonjmat.fr\/wp-content\/uploads\/2022\/10\/sonj-mat-3.jpg\" alt=\"\" class=\"wp-image-99\" srcset=\"https:\/\/sonjmat.fr\/wp-content\/uploads\/2022\/10\/sonj-mat-3.jpg 1024w, https:\/\/sonjmat.fr\/wp-content\/uploads\/2022\/10\/sonj-mat-3-300x225.jpg 300w, https:\/\/sonjmat.fr\/wp-content\/uploads\/2022\/10\/sonj-mat-3-768x576.jpg 768w\" sizes=\"auto, (max-width: 1024px) 100vw, 1024px\" \/><\/figure>\n\n\n\n<figure class=\"wp-block-image size-full\"><img loading=\"lazy\" decoding=\"async\" width=\"768\" height=\"1024\" data-id=\"138\" src=\"https:\/\/sonjmat.fr\/wp-content\/uploads\/2022\/10\/sonj-mat-18.jpg\" alt=\"\" class=\"wp-image-138\" srcset=\"https:\/\/sonjmat.fr\/wp-content\/uploads\/2022\/10\/sonj-mat-18.jpg 768w, https:\/\/sonjmat.fr\/wp-content\/uploads\/2022\/10\/sonj-mat-18-225x300.jpg 225w\" sizes=\"auto, (max-width: 768px) 100vw, 768px\" \/><\/figure>\n\n\n\n<figure class=\"wp-block-image size-full\"><img loading=\"lazy\" decoding=\"async\" width=\"1024\" height=\"768\" data-id=\"566\" src=\"https:\/\/sonjmat.fr\/wp-content\/uploads\/2023\/07\/sonj-mat-4-1.jpg\" alt=\"\" class=\"wp-image-566\" srcset=\"https:\/\/sonjmat.fr\/wp-content\/uploads\/2023\/07\/sonj-mat-4-1.jpg 1024w, https:\/\/sonjmat.fr\/wp-content\/uploads\/2023\/07\/sonj-mat-4-1-300x225.jpg 300w, https:\/\/sonjmat.fr\/wp-content\/uploads\/2023\/07\/sonj-mat-4-1-768x576.jpg 768w\" sizes=\"auto, (max-width: 1024px) 100vw, 1024px\" \/><\/figure>\n\n\n\n<figure class=\"wp-block-image size-full\"><img loading=\"lazy\" decoding=\"async\" width=\"768\" height=\"1024\" data-id=\"103\" src=\"https:\/\/sonjmat.fr\/wp-content\/uploads\/2022\/10\/sonj-mat-9.jpg\" alt=\"\" class=\"wp-image-103\" srcset=\"https:\/\/sonjmat.fr\/wp-content\/uploads\/2022\/10\/sonj-mat-9.jpg 768w, https:\/\/sonjmat.fr\/wp-content\/uploads\/2022\/10\/sonj-mat-9-225x300.jpg 225w\" sizes=\"auto, (max-width: 768px) 100vw, 768px\" \/><\/figure>\n\n\n\n<figure class=\"wp-block-image size-full\"><img loading=\"lazy\" decoding=\"async\" width=\"768\" height=\"1024\" data-id=\"106\" src=\"https:\/\/sonjmat.fr\/wp-content\/uploads\/2022\/10\/sonj-mat-10.jpg\" alt=\"\" class=\"wp-image-106\" srcset=\"https:\/\/sonjmat.fr\/wp-content\/uploads\/2022\/10\/sonj-mat-10.jpg 768w, https:\/\/sonjmat.fr\/wp-content\/uploads\/2022\/10\/sonj-mat-10-225x300.jpg 225w\" sizes=\"auto, (max-width: 768px) 100vw, 768px\" \/><\/figure>\n\n\n\n<figure class=\"wp-block-image size-full\"><img loading=\"lazy\" decoding=\"async\" width=\"768\" height=\"1024\" data-id=\"104\" src=\"https:\/\/sonjmat.fr\/wp-content\/uploads\/2022\/10\/sonj-mat-11.jpg\" alt=\"\" class=\"wp-image-104\" srcset=\"https:\/\/sonjmat.fr\/wp-content\/uploads\/2022\/10\/sonj-mat-11.jpg 768w, https:\/\/sonjmat.fr\/wp-content\/uploads\/2022\/10\/sonj-mat-11-225x300.jpg 225w\" sizes=\"auto, (max-width: 768px) 100vw, 768px\" \/><\/figure>\n<\/figure>\n\n\n\n<figure class=\"wp-block-gallery has-nested-images columns-default is-cropped wp-block-gallery-5 is-layout-flex wp-block-gallery-is-layout-flex\">\n<figure class=\"wp-block-image size-large\"><img loading=\"lazy\" decoding=\"async\" width=\"1024\" height=\"768\" data-id=\"420\" src=\"https:\/\/sonjmat.fr\/wp-content\/uploads\/2023\/01\/4-1024x768.jpeg\" alt=\"\" class=\"wp-image-420\" srcset=\"https:\/\/sonjmat.fr\/wp-content\/uploads\/2023\/01\/4-1024x768.jpeg 1024w, https:\/\/sonjmat.fr\/wp-content\/uploads\/2023\/01\/4-300x225.jpeg 300w, https:\/\/sonjmat.fr\/wp-content\/uploads\/2023\/01\/4-768x576.jpeg 768w, https:\/\/sonjmat.fr\/wp-content\/uploads\/2023\/01\/4-1536x1152.jpeg 1536w, https:\/\/sonjmat.fr\/wp-content\/uploads\/2023\/01\/4-2048x1536.jpeg 2048w, https:\/\/sonjmat.fr\/wp-content\/uploads\/2023\/01\/4-2000x1500.jpeg 2000w\" sizes=\"auto, (max-width: 1024px) 100vw, 1024px\" \/><\/figure>\n\n\n\n<figure class=\"wp-block-image size-large\"><img loading=\"lazy\" decoding=\"async\" width=\"1024\" height=\"768\" data-id=\"109\" src=\"https:\/\/sonjmat.fr\/wp-content\/uploads\/2022\/10\/sonj-mat-6-1.jpg\" alt=\"\" class=\"wp-image-109\" srcset=\"https:\/\/sonjmat.fr\/wp-content\/uploads\/2022\/10\/sonj-mat-6-1.jpg 1024w, https:\/\/sonjmat.fr\/wp-content\/uploads\/2022\/10\/sonj-mat-6-1-300x225.jpg 300w, https:\/\/sonjmat.fr\/wp-content\/uploads\/2022\/10\/sonj-mat-6-1-768x576.jpg 768w\" sizes=\"auto, (max-width: 1024px) 100vw, 1024px\" \/><\/figure>\n\n\n\n<figure class=\"wp-block-image size-full\"><img loading=\"lazy\" decoding=\"async\" width=\"1024\" height=\"768\" data-id=\"108\" src=\"https:\/\/sonjmat.fr\/wp-content\/uploads\/2022\/10\/sonj-mat-8.jpg\" alt=\"\" class=\"wp-image-108\" srcset=\"https:\/\/sonjmat.fr\/wp-content\/uploads\/2022\/10\/sonj-mat-8.jpg 1024w, https:\/\/sonjmat.fr\/wp-content\/uploads\/2022\/10\/sonj-mat-8-300x225.jpg 300w, https:\/\/sonjmat.fr\/wp-content\/uploads\/2022\/10\/sonj-mat-8-768x576.jpg 768w\" sizes=\"auto, (max-width: 1024px) 100vw, 1024px\" \/><\/figure>\n<\/figure>\n\n\n\n<figure class=\"wp-block-gallery has-nested-images columns-default is-cropped wp-block-gallery-6 is-layout-flex wp-block-gallery-is-layout-flex\">\n<figure class=\"wp-block-image size-large\"><img loading=\"lazy\" decoding=\"async\" width=\"603\" height=\"804\" data-id=\"259\" src=\"https:\/\/sonjmat.fr\/wp-content\/uploads\/2022\/10\/sonj-mat-41.jpg\" alt=\"\" class=\"wp-image-259\" srcset=\"https:\/\/sonjmat.fr\/wp-content\/uploads\/2022\/10\/sonj-mat-41.jpg 603w, https:\/\/sonjmat.fr\/wp-content\/uploads\/2022\/10\/sonj-mat-41-225x300.jpg 225w\" sizes=\"auto, (max-width: 603px) 100vw, 603px\" \/><\/figure>\n\n\n\n<figure class=\"wp-block-image size-large\"><img loading=\"lazy\" decoding=\"async\" width=\"603\" height=\"804\" data-id=\"257\" src=\"https:\/\/sonjmat.fr\/wp-content\/uploads\/2022\/10\/sonj-mat-15-.jpg\" alt=\"\" class=\"wp-image-257\" srcset=\"https:\/\/sonjmat.fr\/wp-content\/uploads\/2022\/10\/sonj-mat-15-.jpg 603w, https:\/\/sonjmat.fr\/wp-content\/uploads\/2022\/10\/sonj-mat-15--225x300.jpg 225w\" sizes=\"auto, (max-width: 603px) 100vw, 603px\" \/><\/figure>\n\n\n\n<figure class=\"wp-block-image size-large\"><img loading=\"lazy\" decoding=\"async\" width=\"603\" height=\"804\" data-id=\"258\" src=\"https:\/\/sonjmat.fr\/wp-content\/uploads\/2022\/10\/sonj-mat-16-.jpg\" alt=\"\" class=\"wp-image-258\" srcset=\"https:\/\/sonjmat.fr\/wp-content\/uploads\/2022\/10\/sonj-mat-16-.jpg 603w, https:\/\/sonjmat.fr\/wp-content\/uploads\/2022\/10\/sonj-mat-16--225x300.jpg 225w\" sizes=\"auto, (max-width: 603px) 100vw, 603px\" \/><\/figure>\n<\/figure>\n<\/div><\/div>\n\n\n\n<div class=\"wp-block-cover alignfull is-light has-parallax is-position-center-center\" style=\"min-height:375px;aspect-ratio:unset;\"><span aria-hidden=\"true\" class=\"wp-block-cover__background has-black-background-color has-background-dim-40 has-background-dim\"><\/span><div role=\"img\" class=\"wp-block-cover__image-background wp-image-24 has-parallax\" style=\"background-position:50% 50%;background-image:url(https:\/\/sonjmat.fr\/wp-content\/uploads\/2022\/10\/cropped-PHOTO-ISABELLE.jpg)\"><\/div><div class=\"wp-block-cover__inner-container is-layout-flow wp-block-cover-is-layout-flow\">\n<p class=\"has-text-align-center has-text-color has-huge-font-size\" style=\"color:#fffffa;line-height:1.1\">G\u00eete class\u00e9 4 \u00e9toiles par le Minist\u00e8re charg\u00e9 du Tourisme<\/p>\n\n\n\n<div style=\"height:39px\" aria-hidden=\"true\" class=\"wp-block-spacer\"><\/div>\n\n\n\n<div class=\"wp-block-buttons is-horizontal is-content-justification-center is-layout-flex wp-container-core-buttons-is-layout-499968f5 wp-block-buttons-is-layout-flex\">\n<div class=\"wp-block-button is-style-outline is-style-outline--7\"><a class=\"wp-block-button__link has-white-color has-text-color wp-element-button\" href=\"https:\/\/sonjmat.fr\/index.php\/contact\/\">R\u00e9servation<\/a><\/div>\n<\/div>\n<\/div><\/div>\n","protected":false},"excerpt":{"rendered":"<p>Situ\u00e9 dans le sud du Morbihan, \u00e0 Muzillac, \u00e0 deux pas des commerces, des restaurants et du march\u00e9 hebdomadaire, notre g\u00eete est une ancienne maison familiale enti\u00e8rement r\u00e9nov\u00e9e, offrant un confort de haut niveau pour accueillir 8 \u00e0 10 personnes. Une fois sur place, le plus difficile sera peut-\u00eatre de choisir entre la piscine (chauff\u00e9e &hellip; <\/p>\n<p class=\"link-more\"><a href=\"https:\/\/sonjmat.fr\/\" class=\"more-link\">Lire la suite de<span class=\"screen-reader-text\">\u00ab\u00a0Pour vos vacances en famille ou entre amis, So\u00f1j mat vous accueille toute l&rsquo;ann\u00e9e\u00a0\u00bb<\/span><\/a><\/p>\n","protected":false},"author":1,"featured_media":0,"parent":0,"menu_order":0,"comment_status":"closed","ping_status":"closed","template":"","meta":{"footnotes":""},"class_list":["post-6","page","type-page","status-publish","hentry"],"_links":{"self":[{"href":"https:\/\/sonjmat.fr\/index.php\/wp-json\/wp\/v2\/pages\/6","targetHints":{"allow":["GET"]}}],"collection":[{"href":"https:\/\/sonjmat.fr\/index.php\/wp-json\/wp\/v2\/pages"}],"about":[{"href":"https:\/\/sonjmat.fr\/index.php\/wp-json\/wp\/v2\/types\/page"}],"author":[{"embeddable":true,"href":"https:\/\/sonjmat.fr\/index.php\/wp-json\/wp\/v2\/users\/1"}],"replies":[{"embeddable":true,"href":"https:\/\/sonjmat.fr\/index.php\/wp-json\/wp\/v2\/comments?post=6"}],"version-history":[{"count":66,"href":"https:\/\/sonjmat.fr\/index.php\/wp-json\/wp\/v2\/pages\/6\/revisions"}],"predecessor-version":[{"id":594,"href":"https:\/\/sonjmat.fr\/index.php\/wp-json\/wp\/v2\/pages\/6\/revisions\/594"}],"wp:attachment":[{"href":"https:\/\/sonjmat.fr\/index.php\/wp-json\/wp\/v2\/media?parent=6"}],"curies":[{"name":"wp","href":"https:\/\/api.w.org\/{rel}","templated":true}]}}