{"id":422,"date":"2023-01-04T16:59:29","date_gmt":"2023-01-04T15:59:29","guid":{"rendered":"https:\/\/sonjmat.fr\/?page_id=422"},"modified":"2023-08-06T11:20:58","modified_gmt":"2023-08-06T09:20:58","slug":"a-propos-de-la-region","status":"publish","type":"page","link":"https:\/\/sonjmat.fr\/index.php\/a-propos-de-la-region\/","title":{"rendered":"Loisirs, sorties et patrimoines"},"content":{"rendered":"\n<p style=\"text-align:right; color: #d1646d;\"><i>Cliquez sur l&rsquo;image pour atteindre l&rsquo;office de tourisme ou le site officiel du lieu.<\/i><\/p>\n\n\n\n<p><\/p>\n\n\n\n<div class=\"wp-block-columns is-layout-flex wp-container-core-columns-is-layout-9d6595d7 wp-block-columns-is-layout-flex\">\n<div class=\"wp-block-column is-vertically-aligned-center is-layout-flow wp-block-column-is-layout-flow\"><div class=\"wp-block-image\">\n<figure class=\"aligncenter\"><a href=\"https:\/\/www.baiedequiberon.bzh\/auray\" target=\"_blank\" rel=\"noreferrer noopener\"><img loading=\"lazy\" decoding=\"async\" width=\"606\" height=\"804\" src=\"https:\/\/sonjmat.fr\/wp-content\/uploads\/2023\/07\/sonj-mat-49.jpg\" alt=\"\" class=\"wp-image-471\" title=\"Office de tourisme\" srcset=\"https:\/\/sonjmat.fr\/wp-content\/uploads\/2023\/07\/sonj-mat-49.jpg 606w, https:\/\/sonjmat.fr\/wp-content\/uploads\/2023\/07\/sonj-mat-49-226x300.jpg 226w\" sizes=\"auto, (max-width: 606px) 100vw, 606px\" \/><\/a><figcaption class=\"wp-element-caption\"><span style=\"color:#0baf96; font-size:18px;\">Auray<\/span><\/figcaption><\/figure>\n<\/div><\/div>\n\n\n\n<div class=\"wp-block-column is-vertically-aligned-center is-layout-flow wp-block-column-is-layout-flow\"><div class=\"wp-block-image\">\n<figure class=\"aligncenter size-full\"><a href=\"https:\/\/www.baiedequiberon.bzh\/quiberon\" target=\"_blank\" rel=\"noreferrer noopener\"><img loading=\"lazy\" decoding=\"async\" width=\"804\" height=\"604\" src=\"https:\/\/sonjmat.fr\/wp-content\/uploads\/2023\/07\/sonj-mat-50-1.jpg\" alt=\"Quiberon - Cr\u00e9dit photo : @paparaz49\" class=\"wp-image-478\" title=\"Office de tourisme\" srcset=\"https:\/\/sonjmat.fr\/wp-content\/uploads\/2023\/07\/sonj-mat-50-1.jpg 804w, https:\/\/sonjmat.fr\/wp-content\/uploads\/2023\/07\/sonj-mat-50-1-300x225.jpg 300w, https:\/\/sonjmat.fr\/wp-content\/uploads\/2023\/07\/sonj-mat-50-1-768x577.jpg 768w\" sizes=\"auto, (max-width: 804px) 100vw, 804px\" \/><\/a><figcaption class=\"wp-element-caption\"><span style=\"color:#0baf96; font-size:18px;\">Quiberon<\/span><\/figcaption><\/figure>\n<\/div><\/div>\n\n\n\n<div class=\"wp-block-column is-vertically-aligned-center is-layout-flow wp-block-column-is-layout-flow\"><div class=\"wp-block-image\">\n<figure class=\"aligncenter size-full\"><a href=\"https:\/\/www.baiedequiberon.bzh\/carnac\" target=\"_blank\" rel=\"noreferrer noopener\"><img loading=\"lazy\" decoding=\"async\" width=\"804\" height=\"604\" src=\"https:\/\/sonjmat.fr\/wp-content\/uploads\/2023\/07\/sonj-mat-51.jpg\" alt=\"Auray - Cr\u00e9dit photo : @paparaz49\" class=\"wp-image-473\" title=\"Office de tourisme\" srcset=\"https:\/\/sonjmat.fr\/wp-content\/uploads\/2023\/07\/sonj-mat-51.jpg 804w, https:\/\/sonjmat.fr\/wp-content\/uploads\/2023\/07\/sonj-mat-51-300x225.jpg 300w, https:\/\/sonjmat.fr\/wp-content\/uploads\/2023\/07\/sonj-mat-51-768x577.jpg 768w\" sizes=\"auto, (max-width: 804px) 100vw, 804px\" \/><\/a><figcaption class=\"wp-element-caption\"><span style=\"color:#0baf96; font-size:18px;\">Carnac<\/span><\/figcaption><\/figure>\n<\/div><\/div>\n<\/div>\n\n\n\n<div class=\"wp-block-columns is-layout-flex wp-container-core-columns-is-layout-9d6595d7 wp-block-columns-is-layout-flex\">\n<div class=\"wp-block-column is-vertically-aligned-center is-layout-flow wp-block-column-is-layout-flow\"><div class=\"wp-block-image\">\n<figure class=\"aligncenter size-full\"><a href=\"https:\/\/www.mairie-iledarz.fr\/\" target=\"_blank\" rel=\"noreferrer noopener\"><img loading=\"lazy\" decoding=\"async\" width=\"804\" height=\"526\" src=\"https:\/\/sonjmat.fr\/wp-content\/uploads\/2023\/07\/sonj-mat-52.jpg\" alt=\"\u00cele d'Arz - Cr\u00e9dit photo : @paparaz49\" class=\"wp-image-503\" title=\"Site officiel de la mairie de l'\u00cele d'Arz \" srcset=\"https:\/\/sonjmat.fr\/wp-content\/uploads\/2023\/07\/sonj-mat-52.jpg 804w, https:\/\/sonjmat.fr\/wp-content\/uploads\/2023\/07\/sonj-mat-52-300x196.jpg 300w, https:\/\/sonjmat.fr\/wp-content\/uploads\/2023\/07\/sonj-mat-52-768x502.jpg 768w\" sizes=\"auto, (max-width: 804px) 100vw, 804px\" \/><\/a><figcaption class=\"wp-element-caption\"><span style=\"color:#0baf96; font-size:18px;\">\u00cele d&rsquo;Arz<\/span><\/figcaption><\/figure>\n<\/div><\/div>\n\n\n\n<div class=\"wp-block-column is-vertically-aligned-center is-layout-flow wp-block-column-is-layout-flow\">\n<figure class=\"wp-block-image size-full\"><a href=\"https:\/\/www.laroche-bernard.com\/\" target=\"_blank\" rel=\"noreferrer noopener\"><img loading=\"lazy\" decoding=\"async\" width=\"804\" height=\"444\" src=\"https:\/\/sonjmat.fr\/wp-content\/uploads\/2023\/07\/sonj-mat-53.jpg\" alt=\"Roche Bernard - Cr\u00e9dit photo : @paparaz49\" class=\"wp-image-501\" title=\"Office officiel de la ville de la ville de La Roche Bernard\" srcset=\"https:\/\/sonjmat.fr\/wp-content\/uploads\/2023\/07\/sonj-mat-53.jpg 804w, https:\/\/sonjmat.fr\/wp-content\/uploads\/2023\/07\/sonj-mat-53-300x166.jpg 300w, https:\/\/sonjmat.fr\/wp-content\/uploads\/2023\/07\/sonj-mat-53-768x424.jpg 768w\" sizes=\"auto, (max-width: 804px) 100vw, 804px\" \/><\/a><figcaption class=\"wp-element-caption\"><span style=\"color:#0baf96; font-size:18px;\">La Roche Bernard<\/span><\/figcaption><\/figure>\n<\/div>\n\n\n\n<div class=\"wp-block-column is-vertically-aligned-center is-layout-flow wp-block-column-is-layout-flow\"><div class=\"wp-block-image\">\n<figure class=\"aligncenter size-full\"><a href=\"https:\/\/www.laroche-bernard.com\" target=\"_blank\" rel=\"noreferrer noopener\"><img loading=\"lazy\" decoding=\"async\" width=\"804\" height=\"519\" src=\"https:\/\/sonjmat.fr\/wp-content\/uploads\/2023\/07\/sonj-mat-54.jpg\" alt=\"Roche Bernard - Cr\u00e9dit photo : @paparaz49\" class=\"wp-image-504\" title=\"Office officiel de la ville de la ville de La Roche Bernard\" srcset=\"https:\/\/sonjmat.fr\/wp-content\/uploads\/2023\/07\/sonj-mat-54.jpg 804w, https:\/\/sonjmat.fr\/wp-content\/uploads\/2023\/07\/sonj-mat-54-300x194.jpg 300w, https:\/\/sonjmat.fr\/wp-content\/uploads\/2023\/07\/sonj-mat-54-768x496.jpg 768w\" sizes=\"auto, (max-width: 804px) 100vw, 804px\" \/><\/a><figcaption class=\"wp-element-caption\"><span style=\"color:#0baf96; font-size:18px;\">La Roche Bernard<\/span><\/figcaption><\/figure>\n<\/div><\/div>\n<\/div>\n\n\n\n<div class=\"wp-block-columns is-layout-flex wp-container-core-columns-is-layout-9d6595d7 wp-block-columns-is-layout-flex\">\n<div class=\"wp-block-column is-vertically-aligned-center is-layout-flow wp-block-column-is-layout-flow\"><div class=\"wp-block-image\">\n<figure class=\"aligncenter size-full is-resized\"><a href=\"https:\/\/www.labaule-guerande.com\/guerande.html\" target=\"_blank\" rel=\"noreferrer noopener\"><img loading=\"lazy\" decoding=\"async\" src=\"https:\/\/sonjmat.fr\/wp-content\/uploads\/2023\/07\/sonj-mat-55.jpg\" alt=\"Roche Bernard - Cr\u00e9dit photo : @paparaz49\" class=\"wp-image-511\" width=\"259\" height=\"194\" title=\"Office de tourisme intercommunal La Baule-Presqu\u00eele de Gu\u00e9rande\" srcset=\"https:\/\/sonjmat.fr\/wp-content\/uploads\/2023\/07\/sonj-mat-55.jpg 804w, https:\/\/sonjmat.fr\/wp-content\/uploads\/2023\/07\/sonj-mat-55-300x225.jpg 300w, https:\/\/sonjmat.fr\/wp-content\/uploads\/2023\/07\/sonj-mat-55-768x577.jpg 768w\" sizes=\"auto, (max-width: 259px) 100vw, 259px\" \/><\/a><figcaption class=\"wp-element-caption\"><span style=\"color:#0baf96; font-size:18px;\">Gu\u00e9rande<\/span><\/figcaption><\/figure>\n<\/div><\/div>\n\n\n\n<div class=\"wp-block-column is-vertically-aligned-center is-layout-flow wp-block-column-is-layout-flow\"><div class=\"wp-block-image\">\n<figure class=\"aligncenter size-full\"><a href=\"https:\/\/www.labaule-guerande.com\/guerande.html\" target=\"_blank\" rel=\"noreferrer noopener\"><img loading=\"lazy\" decoding=\"async\" width=\"804\" height=\"604\" src=\"https:\/\/sonjmat.fr\/wp-content\/uploads\/2023\/07\/sonj-mat-56.jpg\" alt=\"Roche Bernard - Cr\u00e9dit photo : @paparaz49\" class=\"wp-image-512\" title=\"Office de tourisme intercommunal La Baule-Presqu\u00eele de Gu\u00e9rande\" srcset=\"https:\/\/sonjmat.fr\/wp-content\/uploads\/2023\/07\/sonj-mat-56.jpg 804w, https:\/\/sonjmat.fr\/wp-content\/uploads\/2023\/07\/sonj-mat-56-300x225.jpg 300w, https:\/\/sonjmat.fr\/wp-content\/uploads\/2023\/07\/sonj-mat-56-768x577.jpg 768w\" sizes=\"auto, (max-width: 804px) 100vw, 804px\" \/><\/a><figcaption class=\"wp-element-caption\"><span style=\"color:#0baf96; font-size:18px;\">Marais salants de Gu\u00e9rande<\/span><\/figcaption><\/figure>\n<\/div><\/div>\n\n\n\n<div class=\"wp-block-column is-vertically-aligned-center is-layout-flow wp-block-column-is-layout-flow\">\n<figure class=\"wp-block-image size-full\"><a href=\"https:\/\/www.mairie-vannes.fr\/\" target=\"_blank\" rel=\"noreferrer noopener\"><img loading=\"lazy\" decoding=\"async\" width=\"804\" height=\"554\" src=\"https:\/\/sonjmat.fr\/wp-content\/uploads\/2023\/07\/sonj-mat-57.jpg\" alt=\"Roche Bernard - Cr\u00e9dit photo : @paparaz49\" class=\"wp-image-513\" title=\"Site officiel de la ville de Vannes\" srcset=\"https:\/\/sonjmat.fr\/wp-content\/uploads\/2023\/07\/sonj-mat-57.jpg 804w, https:\/\/sonjmat.fr\/wp-content\/uploads\/2023\/07\/sonj-mat-57-300x207.jpg 300w, https:\/\/sonjmat.fr\/wp-content\/uploads\/2023\/07\/sonj-mat-57-768x529.jpg 768w\" sizes=\"auto, (max-width: 804px) 100vw, 804px\" \/><\/a><figcaption class=\"wp-element-caption\"><span style=\"color:#0baf96; font-size:18px;\">Vannes<\/span><\/figcaption><\/figure>\n<\/div>\n<\/div>\n\n\n\n<div class=\"wp-block-columns is-layout-flex wp-container-core-columns-is-layout-9d6595d7 wp-block-columns-is-layout-flex\">\n<div class=\"wp-block-column is-vertically-aligned-center is-layout-flow wp-block-column-is-layout-flow\">\n<figure class=\"wp-block-image size-full\"><a href=\"https:\/\/www.damgan.fr\/\" target=\"_blank\" rel=\"noreferrer noopener\"><img loading=\"lazy\" decoding=\"async\" width=\"804\" height=\"604\" src=\"https:\/\/sonjmat.fr\/wp-content\/uploads\/2023\/07\/sonj-mat-58.jpg\" alt=\"Damgan - Cr\u00e9dit photo : @paparaz49\" class=\"wp-image-515\" title=\"Site officiel de la ville de Damgan\" srcset=\"https:\/\/sonjmat.fr\/wp-content\/uploads\/2023\/07\/sonj-mat-58.jpg 804w, https:\/\/sonjmat.fr\/wp-content\/uploads\/2023\/07\/sonj-mat-58-300x225.jpg 300w, https:\/\/sonjmat.fr\/wp-content\/uploads\/2023\/07\/sonj-mat-58-768x577.jpg 768w\" sizes=\"auto, (max-width: 804px) 100vw, 804px\" \/><\/a><figcaption class=\"wp-element-caption\"><span style=\"color:#0baf96; font-size:18px;\">Damgan<\/span><\/figcaption><\/figure>\n<\/div>\n\n\n\n<div class=\"wp-block-column is-vertically-aligned-center is-layout-flow wp-block-column-is-layout-flow\">\n<figure class=\"wp-block-image size-full\"><a href=\"https:\/\/www.penestin.fr\/\" target=\"_blank\" rel=\"noreferrer noopener\"><img loading=\"lazy\" decoding=\"async\" width=\"804\" height=\"604\" src=\"https:\/\/sonjmat.fr\/wp-content\/uploads\/2023\/07\/sonj-mat-59.jpg\" alt=\"P\u00e9nestin - Cr\u00e9dit photo : @paparaz49\" class=\"wp-image-516\" title=\"Site officiel de la ville de P\u00e9nestin\" srcset=\"https:\/\/sonjmat.fr\/wp-content\/uploads\/2023\/07\/sonj-mat-59.jpg 804w, https:\/\/sonjmat.fr\/wp-content\/uploads\/2023\/07\/sonj-mat-59-300x225.jpg 300w, https:\/\/sonjmat.fr\/wp-content\/uploads\/2023\/07\/sonj-mat-59-768x577.jpg 768w\" sizes=\"auto, (max-width: 804px) 100vw, 804px\" \/><\/a><figcaption class=\"wp-element-caption\"><span style=\"color:#0baf96; font-size:18px;\">P\u00e9nestin<\/span><\/figcaption><\/figure>\n<\/div>\n\n\n\n<div class=\"wp-block-column is-vertically-aligned-center is-layout-flow wp-block-column-is-layout-flow\">\n<figure class=\"wp-block-image size-full\"><a href=\"https:\/\/parc.branfere.com\/\" target=\"_blank\" rel=\"noreferrer noopener\"><img loading=\"lazy\" decoding=\"async\" width=\"804\" height=\"536\" src=\"https:\/\/sonjmat.fr\/wp-content\/uploads\/2023\/07\/sonj-mat-60.jpg\" alt=\"Parc de Branf\u00e9r\u00e9 - Cr\u00e9dit photo : @paparaz49\" class=\"wp-image-517\" title=\"Site officiel du Parc de Branf\u00e9r\u00e9\" srcset=\"https:\/\/sonjmat.fr\/wp-content\/uploads\/2023\/07\/sonj-mat-60.jpg 804w, https:\/\/sonjmat.fr\/wp-content\/uploads\/2023\/07\/sonj-mat-60-300x200.jpg 300w, https:\/\/sonjmat.fr\/wp-content\/uploads\/2023\/07\/sonj-mat-60-768x512.jpg 768w\" sizes=\"auto, (max-width: 804px) 100vw, 804px\" \/><\/a><figcaption class=\"wp-element-caption\"><span style=\"color:#0baf96; font-size:18px;\">Parc de Branf\u00e9r\u00e9<\/span><\/figcaption><\/figure>\n<\/div>\n<\/div>\n\n\n\n<div class=\"wp-block-columns is-layout-flex wp-container-core-columns-is-layout-9d6595d7 wp-block-columns-is-layout-flex\">\n<div class=\"wp-block-column is-vertically-aligned-center is-layout-flow wp-block-column-is-layout-flow\"><div class=\"wp-block-image\">\n<figure class=\"aligncenter size-full\"><a href=\"https:\/\/parc.branfere.com\/\" target=\"_blank\" rel=\"noreferrer noopener\"><img loading=\"lazy\" decoding=\"async\" width=\"804\" height=\"536\" src=\"https:\/\/sonjmat.fr\/wp-content\/uploads\/2023\/07\/sonj-mat-61.jpg\" alt=\"Parc de Branf\u00e9r\u00e9 - Cr\u00e9dit photo : @paparaz49\" class=\"wp-image-519\" title=\"Site officiel du Parc de Branf\u00e9r\u00e9\" srcset=\"https:\/\/sonjmat.fr\/wp-content\/uploads\/2023\/07\/sonj-mat-61.jpg 804w, https:\/\/sonjmat.fr\/wp-content\/uploads\/2023\/07\/sonj-mat-61-300x200.jpg 300w, https:\/\/sonjmat.fr\/wp-content\/uploads\/2023\/07\/sonj-mat-61-768x512.jpg 768w\" sizes=\"auto, (max-width: 804px) 100vw, 804px\" \/><\/a><figcaption class=\"wp-element-caption\"><span style=\"color:#0baf96; font-size:18px;\">Parc de Branf\u00e9r\u00e9<\/span><\/figcaption><\/figure>\n<\/div><\/div>\n\n\n\n<div class=\"wp-block-column is-vertically-aligned-center is-layout-flow wp-block-column-is-layout-flow\">\n<figure class=\"wp-block-image size-full\"><a href=\"https:\/\/www.sarzeau.fr\/\" target=\"_blank\" rel=\"noreferrer noopener\"><img loading=\"lazy\" decoding=\"async\" width=\"804\" height=\"536\" src=\"https:\/\/sonjmat.fr\/wp-content\/uploads\/2023\/07\/sonj-mat-62.jpg\" alt=\"Presqu'\u00eele de Rhuys - Sarzeau - Cr\u00e9dit photo : @paparaz49\" class=\"wp-image-520\" title=\"Site officiel de la ville de Sarzeau\" srcset=\"https:\/\/sonjmat.fr\/wp-content\/uploads\/2023\/07\/sonj-mat-62.jpg 804w, https:\/\/sonjmat.fr\/wp-content\/uploads\/2023\/07\/sonj-mat-62-300x200.jpg 300w, https:\/\/sonjmat.fr\/wp-content\/uploads\/2023\/07\/sonj-mat-62-768x512.jpg 768w\" sizes=\"auto, (max-width: 804px) 100vw, 804px\" \/><\/a><figcaption class=\"wp-element-caption\"><span style=\"color:#0baf96; font-size:18px;\">Presqu&rsquo;\u00eele de Rhuys &#8211; Sarzeau<\/span><\/figcaption><\/figure>\n<\/div>\n\n\n\n<div class=\"wp-block-column is-vertically-aligned-center is-layout-flow wp-block-column-is-layout-flow\">\n<figure class=\"wp-block-image size-full\"><a href=\"https:\/\/www.suscinio.fr\/\" target=\"_blank\" rel=\"noreferrer noopener\"><img loading=\"lazy\" decoding=\"async\" width=\"804\" height=\"603\" src=\"https:\/\/sonjmat.fr\/wp-content\/uploads\/2023\/07\/sonj-mat-63.jpg\" alt=\"Presqu'\u00eele de Rhuys - Ch\u00e2teau de Suscinio - Cr\u00e9dit photo : @paparaz49\" class=\"wp-image-521\" title=\"Site officiel du ch\u00e2teau de Suscinio\" srcset=\"https:\/\/sonjmat.fr\/wp-content\/uploads\/2023\/07\/sonj-mat-63.jpg 804w, https:\/\/sonjmat.fr\/wp-content\/uploads\/2023\/07\/sonj-mat-63-300x225.jpg 300w, https:\/\/sonjmat.fr\/wp-content\/uploads\/2023\/07\/sonj-mat-63-768x576.jpg 768w\" sizes=\"auto, (max-width: 804px) 100vw, 804px\" \/><\/a><figcaption class=\"wp-element-caption\"><span style=\"color:#0baf96; font-size:18px;\">Presqu&rsquo;\u00eele de Rhuys<br>Ch\u00e2teau de Suscinio<\/span><\/figcaption><\/figure>\n<\/div>\n<\/div>\n\n\n\n<div class=\"wp-block-columns is-layout-flex wp-container-core-columns-is-layout-9d6595d7 wp-block-columns-is-layout-flex\">\n<div class=\"wp-block-column is-vertically-aligned-center is-layout-flow wp-block-column-is-layout-flow\"><div class=\"wp-block-image\">\n<figure class=\"aligncenter size-full\"><a href=\"https:\/\/www.rochefortenterre-tourisme.bzh\/\" target=\"_blank\" rel=\"noopener\"><img loading=\"lazy\" decoding=\"async\" width=\"804\" height=\"536\" src=\"https:\/\/sonjmat.fr\/wp-content\/uploads\/2023\/08\/sonj-mat-66.jpg\" alt=\"\" class=\"wp-image-582\" title=\"Office de tourisme\" srcset=\"https:\/\/sonjmat.fr\/wp-content\/uploads\/2023\/08\/sonj-mat-66.jpg 804w, https:\/\/sonjmat.fr\/wp-content\/uploads\/2023\/08\/sonj-mat-66-300x200.jpg 300w, https:\/\/sonjmat.fr\/wp-content\/uploads\/2023\/08\/sonj-mat-66-768x512.jpg 768w\" sizes=\"auto, (max-width: 804px) 100vw, 804px\" \/><\/a><figcaption class=\"wp-element-caption\"><span style=\"color:#0baf96; font-size:18px;\">Rochefort-en-Terre<\/span><\/figcaption><\/figure>\n<\/div><\/div>\n\n\n\n<div class=\"wp-block-column is-vertically-aligned-center is-layout-flow wp-block-column-is-layout-flow\">\n<figure class=\"wp-block-image size-full\"><a href=\"https:\/\/www.la-gacilly.fr\/\" target=\"_blank\" rel=\"noopener\"><img loading=\"lazy\" decoding=\"async\" width=\"804\" height=\"536\" src=\"https:\/\/sonjmat.fr\/wp-content\/uploads\/2023\/08\/sonj-mat-67.jpg\" alt=\"\" class=\"wp-image-583\" title=\"Site officiel de la ville de La Gacilly\" srcset=\"https:\/\/sonjmat.fr\/wp-content\/uploads\/2023\/08\/sonj-mat-67.jpg 804w, https:\/\/sonjmat.fr\/wp-content\/uploads\/2023\/08\/sonj-mat-67-300x200.jpg 300w, https:\/\/sonjmat.fr\/wp-content\/uploads\/2023\/08\/sonj-mat-67-768x512.jpg 768w\" sizes=\"auto, (max-width: 804px) 100vw, 804px\" \/><\/a><figcaption class=\"wp-element-caption\"><span style=\"color:#0baf96; font-size:18px;\">La Gacilly<\/span><\/figcaption><\/figure>\n<\/div>\n\n\n\n<div class=\"wp-block-column is-vertically-aligned-center is-layout-flow wp-block-column-is-layout-flow\">\n<figure class=\"wp-block-image size-full\"><a href=\"https:\/\/www.muzillac.fr\/\" target=\"_blank\" rel=\"noreferrer noopener\"><img loading=\"lazy\" decoding=\"async\" width=\"603\" height=\"804\" src=\"https:\/\/sonjmat.fr\/wp-content\/uploads\/2023\/08\/sonj-mat-68.jpg\" alt=\"\" class=\"wp-image-584\" title=\"Site officiel de la ville de Muzillac\" srcset=\"https:\/\/sonjmat.fr\/wp-content\/uploads\/2023\/08\/sonj-mat-68.jpg 603w, https:\/\/sonjmat.fr\/wp-content\/uploads\/2023\/08\/sonj-mat-68-225x300.jpg 225w\" sizes=\"auto, (max-width: 603px) 100vw, 603px\" \/><\/a><figcaption class=\"wp-element-caption\"><span style=\"color:#0baf96; font-size:18px;\">Muzillac<\/span> <\/figcaption><\/figure>\n<\/div>\n<\/div>\n\n\n\n<p style=\"text-align:right;\">Cr\u00e9dit photo : <span style=\"text-align:right; color: #0baf96;\"> <b>@paparaz49<\/b><\/span><\/p>\n","protected":false},"excerpt":{"rendered":"<p>Cliquez sur l&rsquo;image pour atteindre l&rsquo;office de tourisme ou le site officiel du lieu. Cr\u00e9dit photo : @paparaz49<\/p>\n","protected":false},"author":2,"featured_media":0,"parent":0,"menu_order":0,"comment_status":"closed","ping_status":"closed","template":"","meta":{"footnotes":""},"class_list":["post-422","page","type-page","status-publish","hentry"],"_links":{"self":[{"href":"https:\/\/sonjmat.fr\/index.php\/wp-json\/wp\/v2\/pages\/422","targetHints":{"allow":["GET"]}}],"collection":[{"href":"https:\/\/sonjmat.fr\/index.php\/wp-json\/wp\/v2\/pages"}],"about":[{"href":"https:\/\/sonjmat.fr\/index.php\/wp-json\/wp\/v2\/types\/page"}],"author":[{"embeddable":true,"href":"https:\/\/sonjmat.fr\/index.php\/wp-json\/wp\/v2\/users\/2"}],"replies":[{"embeddable":true,"href":"https:\/\/sonjmat.fr\/index.php\/wp-json\/wp\/v2\/comments?post=422"}],"version-history":[{"count":20,"href":"https:\/\/sonjmat.fr\/index.php\/wp-json\/wp\/v2\/pages\/422\/revisions"}],"predecessor-version":[{"id":587,"href":"https:\/\/sonjmat.fr\/index.php\/wp-json\/wp\/v2\/pages\/422\/revisions\/587"}],"wp:attachment":[{"href":"https:\/\/sonjmat.fr\/index.php\/wp-json\/wp\/v2\/media?parent=422"}],"curies":[{"name":"wp","href":"https:\/\/api.w.org\/{rel}","templated":true}]}}